{"id":2356,"date":"2025-01-25T10:49:21","date_gmt":"2025-01-25T07:49:21","guid":{"rendered":"https:\/\/angelis-e.gr\/shop\/sin%20categor\u00eda\/asteras-max-6x6\/"},"modified":"2025-07-25T02:44:48","modified_gmt":"2025-07-25T00:44:48","slug":"asteras-max-6x6","status":"publish","type":"product","link":"https:\/\/angelis-e.gr\/es\/shop\/cosechadores-de-aceitunas-asteras\/asteras-max-6x6\/","title":{"rendered":"Asteras MAX 6&#215;6"},"content":{"rendered":"\t\t<div data-elementor-type=\"wp-post\" data-elementor-id=\"2356\" class=\"elementor elementor-2356 elementor-196\">\n\t\t\t\t<div class=\"elementor-element elementor-element-7ad2167 e-con-full wd-section-stretch e-flex e-con e-parent\" data-id=\"7ad2167\" data-element_type=\"container\">\n\t\t\t\t<div class=\"elementor-element elementor-element-16d94e3 elementor-widget elementor-widget-wd_button\" data-id=\"16d94e3\" data-element_type=\"widget\" data-widget_type=\"wd_button.default\">\n\t\t\t\t<div class=\"elementor-widget-container\">\n\t\t\t\t\t\t\t<div class=\"wd-button-wrapper text-center\" >\n\t\t\t<a class=\"btn btn-style-3d btn-shape-rectangle btn-size-extra-large btn-color-black btn-full-width btn-icon-pos-right\"  href=\"\/wp-content\/uploads\/2025\/07\/3.-ASTERAS-MAX-6X6-ALL-CARBON.jpg\" target=\"_blank\">\n\t\t\t\t<span class=\"wd-btn-text\" data-elementor-setting-key=\"text\">\n\t\t\t\t\tDiagrama de la m\u00e1quina\t\t\t\t<\/span>\n\n\t\t\t\t\t\t\t\t\t<span class=\"wd-btn-icon\">\n\t\t\t\t\t\t<svg class=\"wd-icon e-font-icon-svg e-fas-tools\" viewBox=\"0 0 512 512\" xmlns=\"http:\/\/www.w3.org\/2000\/svg\"><path d=\"M501.1 395.7L384 278.6c-23.1-23.1-57.6-27.6-85.4-13.9L192 158.1V96L64 0 0 64l96 128h62.1l106.6 106.6c-13.6 27.8-9.2 62.3 13.9 85.4l117.1 117.1c14.6 14.6 38.2 14.6 52.7 0l52.7-52.7c14.5-14.6 14.5-38.2 0-52.7zM331.7 225c28.3 0 54.9 11 74.9 31l19.4 19.4c15.8-6.9 30.8-16.5 43.8-29.5 37.1-37.1 49.7-89.3 37.9-136.7-2.2-9-13.5-12.1-20.1-5.5l-74.4 74.4-67.9-11.3L334 98.9l74.4-74.4c6.6-6.6 3.4-17.9-5.7-20.2-47.4-11.7-99.6.9-136.6 37.9-28.5 28.5-41.9 66.1-41.2 103.6l82.1 82.1c8.1-1.9 16.5-2.9 24.7-2.9zm-103.9 82l-56.7-56.7L18.7 402.8c-25 25-25 65.5 0 90.5s65.5 25 90.5 0l123.6-123.6c-7.6-19.9-9.9-41.6-5-62.7zM64 472c-13.2 0-24-10.8-24-24 0-13.3 10.7-24 24-24s24 10.7 24 24c0 13.2-10.7 24-24 24z\"><\/path><\/svg>\t\t\t\t\t<\/span>\n\t\t\t\t\t\t\t<\/a>\n\t\t<\/div>\n\t\t\t\t\t\t<\/div>\n\t\t\t\t<\/div>\n\t\t\t\t<div class=\"elementor-element elementor-element-72ad2bf elementor-widget elementor-widget-wd_text_block\" data-id=\"72ad2bf\" data-element_type=\"widget\" data-widget_type=\"wd_text_block.default\">\n\t\t\t\t<div class=\"elementor-widget-container\">\n\t\t\t\t\t\t\t<div class=\"wd-text-block reset-last-child text-left\">\n\t\t\t\n\t\t\t\t\t<div data-elementor-type=\"wp-post\" data-elementor-id=\"2253\" class=\"elementor elementor-2253 elementor-43\">\n\t\t\t\t<div class=\"elementor-element elementor-element-2350b2a e-grid e-con-full wd-section-stretch e-con e-parent\" data-id=\"2350b2a\" data-element_type=\"container\" data-settings=\"{&quot;background_background&quot;:&quot;classic&quot;}\">\n\t\t\t\t<div class=\"elementor-element elementor-element-c3094b7 elementor-widget elementor-widget-wd_button\" data-id=\"c3094b7\" data-element_type=\"widget\" data-widget_type=\"wd_button.default\">\n\t\t\t\t<div class=\"elementor-widget-container\">\n\t\t\t\t\t\t\t<div class=\"wd-button-wrapper text-center\" >\n\t\t\t<a class=\"btn btn-style-3d btn-shape-rectangle btn-size-extra-large btn-color-alt btn-full-width btn-icon-pos-right\"  href=\"https:\/\/angelis-e.gr\/es\/categoria-producto\/piezas-de-repuesto\/repuestos-asteras\/\">\n\t\t\t\t<span class=\"wd-btn-text\" data-elementor-setting-key=\"text\">\n\t\t\t\t\tRecambios de maquinaria\t\t\t\t<\/span>\n\n\t\t\t\t\t\t\t\t\t<span class=\"wd-btn-icon\">\n\t\t\t\t\t\t<svg class=\"wd-icon e-font-icon-svg e-fas-toolbox\" viewBox=\"0 0 512 512\" xmlns=\"http:\/\/www.w3.org\/2000\/svg\"><path d=\"M502.63 214.63l-45.25-45.25c-6-6-14.14-9.37-22.63-9.37H384V80c0-26.51-21.49-48-48-48H176c-26.51 0-48 21.49-48 48v80H77.25c-8.49 0-16.62 3.37-22.63 9.37L9.37 214.63c-6 6-9.37 14.14-9.37 22.63V320h128v-16c0-8.84 7.16-16 16-16h32c8.84 0 16 7.16 16 16v16h128v-16c0-8.84 7.16-16 16-16h32c8.84 0 16 7.16 16 16v16h128v-82.75c0-8.48-3.37-16.62-9.37-22.62zM320 160H192V96h128v64zm64 208c0 8.84-7.16 16-16 16h-32c-8.84 0-16-7.16-16-16v-16H192v16c0 8.84-7.16 16-16 16h-32c-8.84 0-16-7.16-16-16v-16H0v96c0 17.67 14.33 32 32 32h448c17.67 0 32-14.33 32-32v-96H384v16z\"><\/path><\/svg>\t\t\t\t\t<\/span>\n\t\t\t\t\t\t\t<\/a>\n\t\t<\/div>\n\t\t\t\t\t\t<\/div>\n\t\t\t\t<\/div>\n\t\t\t\t<div class=\"elementor-element elementor-element-65f86f7 elementor-widget elementor-widget-spacer\" data-id=\"65f86f7\" data-element_type=\"widget\" data-widget_type=\"spacer.default\">\n\t\t\t\t<div class=\"elementor-widget-container\">\n\t\t\t\t\t\t\t<div class=\"elementor-spacer\">\n\t\t\t<div class=\"elementor-spacer-inner\"><\/div>\n\t\t<\/div>\n\t\t\t\t\t\t<\/div>\n\t\t\t\t<\/div>\n\t\t\t\t<\/div>\n\t\t<div class=\"elementor-element elementor-element-fcce286 e-grid e-con-full wd-section-stretch e-con e-parent\" data-id=\"fcce286\" data-element_type=\"container\" data-settings=\"{&quot;background_background&quot;:&quot;gradient&quot;}\">\n\t\t\t\t<div class=\"elementor-element elementor-element-7444067 elementor-widget elementor-widget-wd_text_block\" data-id=\"7444067\" data-element_type=\"widget\" data-widget_type=\"wd_text_block.default\">\n\t\t\t\t<div class=\"elementor-widget-container\">\n\t\t\t\t\t\t\t<div class=\"wd-text-block reset-last-child text-left\">\n\t\t\t\n\t\t\t<h3 style=\"text-align: center;\">Todos los Asteres m\u00e1s ligeros que nunca para una recolecci\u00f3n a\u00fan m\u00e1s c\u00f3moda<\/h3>\n\t\t\t\t\t<\/div>\n\t\t\t\t\t\t<\/div>\n\t\t\t\t<\/div>\n\t\t\t\t<div class=\"elementor-element elementor-element-87fc13d elementor-widget elementor-widget-wd_text_block\" data-id=\"87fc13d\" data-element_type=\"widget\" data-widget_type=\"wd_text_block.default\">\n\t\t\t\t<div class=\"elementor-widget-container\">\n\t\t\t\t\t\t\t<div class=\"wd-text-block reset-last-child text-left\">\n\t\t\t\n\t\t\t<h3 style=\"text-align: center;\">Nuevo dise\u00f1o ergon\u00f3mico<\/h3>\n\t\t\t\t\t<\/div>\n\t\t\t\t\t\t<\/div>\n\t\t\t\t<\/div>\n\t\t\t\t<div class=\"elementor-element elementor-element-1a56b61 elementor-widget elementor-widget-wd_text_block\" data-id=\"1a56b61\" data-element_type=\"widget\" data-widget_type=\"wd_text_block.default\">\n\t\t\t\t<div class=\"elementor-widget-container\">\n\t\t\t\t\t\t\t<div class=\"wd-text-block reset-last-child text-left\">\n\t\t\t\n\t\t\t<h3 style=\"text-align: center;\">Innovadora construcci\u00f3n de exc\u00e9ntricas de aluminio para mayor rango de vibraci\u00f3n y m\u00e1ximo rendimiento<\/h3>\n\t\t\t\t\t<\/div>\n\t\t\t\t\t\t<\/div>\n\t\t\t\t<\/div>\n\t\t\t\t<\/div>\n\t\t\t\t<\/div>\n\t\t\n\t\t\t\t\t<\/div>\n\t\t\t\t\t\t<\/div>\n\t\t\t\t<\/div>\n\t\t\t\t<\/div>\n\t\t<div class=\"elementor-element elementor-element-214d1bc e-grid e-con-full wd-section-stretch e-con e-parent\" data-id=\"214d1bc\" data-element_type=\"container\" data-settings=\"{&quot;background_background&quot;:&quot;classic&quot;}\">\n\t\t\t\t<div class=\"elementor-element elementor-element-3cea8c6 elementor-widget elementor-widget-wd_text_block\" data-id=\"3cea8c6\" data-element_type=\"widget\" data-widget_type=\"wd_text_block.default\">\n\t\t\t\t<div class=\"elementor-widget-container\">\n\t\t\t\t\t\t\t<div class=\"wd-text-block reset-last-child text-left\">\n\t\t\t\n\t\t\t<h3><b><strong>EL MOVIMIENTO<\/strong><\/b><\/h3>\n<div class=\"et_pb_text et_pb_module et_pb_bg_layout_light et_pb_text_align_left et_pb_text_16 et_pb_with_border\">\n<div class=\"et_pb_text_inner\">\n\nCon el <strong>NUEVO SISTEMA (Movimiento independiente de las esferas) 4x4 y 6x6<\/strong>, se logra:\n<ul>\n \t<li>Mayor penetraci\u00f3n en las partes m\u00e1s densas del olivo<\/li>\n \t<li>Minimizaci\u00f3n del da\u00f1o a los frutos y al olivo<\/li>\n \t<li>Recolecci\u00f3n sin esfuerzo ya que no transmite vibraciones al usuario.<\/li>\n<\/ul>\nEl vareador Asteras Max es una m\u00e1quina pulsante con 2 cabezales y 48 varillas de fibra de carbono.\n\nLa disposici\u00f3n \u00fanica de las fibras de carbono, junto con el movimiento pulsante equilibrado de amplio alcance, logra el m\u00e1ximo rendimiento sin causar ning\u00fan da\u00f1o al \u00e1rbol.\n\n<\/div>\n<\/div>\n\n\t\t\t\t\t<\/div>\n\t\t\t\t\t\t<\/div>\n\t\t\t\t<\/div>\n\t\t\t\t<div class=\"elementor-element elementor-element-c51a0da elementor-widget elementor-widget-image\" data-id=\"c51a0da\" data-element_type=\"widget\" data-widget_type=\"image.default\">\n\t\t\t\t<div class=\"elementor-widget-container\">\n\t\t\t\t\t\t\t\t\t\t\t\t\t\t\t<img fetchpriority=\"high\" decoding=\"async\" width=\"800\" height=\"760\" src=\"https:\/\/angelis-e.gr\/wp-content\/uploads\/2025\/01\/agls1_2-copy.png\" class=\"attachment-large size-large wp-image-1690\" alt=\"\" srcset=\"https:\/\/angelis-e.gr\/wp-content\/uploads\/2025\/01\/agls1_2-copy.png 800w, https:\/\/angelis-e.gr\/wp-content\/uploads\/2025\/01\/agls1_2-copy-300x285.png 300w, https:\/\/angelis-e.gr\/wp-content\/uploads\/2025\/01\/agls1_2-copy-768x730.png 768w, https:\/\/angelis-e.gr\/wp-content\/uploads\/2025\/01\/agls1_2-copy-320x304.png 320w, https:\/\/angelis-e.gr\/wp-content\/uploads\/2025\/01\/agls1_2-copy-480x456.png 480w, https:\/\/angelis-e.gr\/wp-content\/uploads\/2025\/01\/agls1_2-copy-500x475.png 500w\" sizes=\"(max-width: 800px) 100vw, 800px\" \/>\t\t\t\t\t\t\t\t\t\t\t\t\t\t\t<\/div>\n\t\t\t\t<\/div>\n\t\t\t\t<\/div>\n\t\t<div class=\"elementor-element elementor-element-a4dd6f5 e-grid e-con-full wd-section-stretch e-con e-parent\" data-id=\"a4dd6f5\" data-element_type=\"container\" data-settings=\"{&quot;background_background&quot;:&quot;classic&quot;}\">\n\t\t\t\t<div class=\"elementor-element elementor-element-90d87d4 elementor-widget elementor-widget-image\" data-id=\"90d87d4\" data-element_type=\"widget\" data-widget_type=\"image.default\">\n\t\t\t\t<div class=\"elementor-widget-container\">\n\t\t\t\t\t\t\t\t\t\t\t\t\t\t\t<img decoding=\"async\" width=\"794\" height=\"448\" src=\"https:\/\/angelis-e.gr\/wp-content\/uploads\/2025\/01\/6X6-ANOIXTO.png\" class=\"attachment-large size-large wp-image-1682\" alt=\"\" srcset=\"https:\/\/angelis-e.gr\/wp-content\/uploads\/2025\/01\/6X6-ANOIXTO.png 794w, https:\/\/angelis-e.gr\/wp-content\/uploads\/2025\/01\/6X6-ANOIXTO-300x169.png 300w, https:\/\/angelis-e.gr\/wp-content\/uploads\/2025\/01\/6X6-ANOIXTO-768x433.png 768w, https:\/\/angelis-e.gr\/wp-content\/uploads\/2025\/01\/6X6-ANOIXTO-320x181.png 320w, https:\/\/angelis-e.gr\/wp-content\/uploads\/2025\/01\/6X6-ANOIXTO-480x271.png 480w, https:\/\/angelis-e.gr\/wp-content\/uploads\/2025\/01\/6X6-ANOIXTO-500x282.png 500w\" sizes=\"(max-width: 794px) 100vw, 794px\" \/>\t\t\t\t\t\t\t\t\t\t\t\t\t\t\t<\/div>\n\t\t\t\t<\/div>\n\t\t\t\t<div class=\"elementor-element elementor-element-9214158 elementor-widget elementor-widget-wd_text_block\" data-id=\"9214158\" data-element_type=\"widget\" data-widget_type=\"wd_text_block.default\">\n\t\t\t\t<div class=\"elementor-widget-container\">\n\t\t\t\t\t\t\t<div class=\"wd-text-block reset-last-child text-left\">\n\t\t\t\n\t\t\t<h3><b><strong>LA CABEZA<\/strong><\/b><\/h3>\nEl ASTERAS MAX est\u00e1 fabricado 100% en Grecia con un mecanismo patentado de nuestra invenci\u00f3n, que act\u00faa como un vareador con contrapesos exc\u00e9ntricos de <strong>aluminio T8<\/strong>\n<ul>\n \t<li><strong>48<\/strong> varillas de fibra de carbono,<\/li>\n \t<li><strong>2<\/strong> contrapesos exc\u00e9ntricos de aluminio T8<\/li>\n<\/ul>\n<b>Mejorando a\u00fan m\u00e1s el producto m\u00e1s vendido de nuestra empresa, el ASTERAS CF, a\u00f1adimos un soporte adicional con 8 varillas para un rango de vareo m\u00e1ximo y una productividad a\u00fan mayor. La disposici\u00f3n \u00fanica de las varillas, combinada con la flexibilidad y penetraci\u00f3n de la cabeza, da como resultado la herramienta definitiva para la recolecci\u00f3n de aceitunas.<\/b>\n\n\t\t\t\t\t<\/div>\n\t\t\t\t\t\t<\/div>\n\t\t\t\t<\/div>\n\t\t\t\t<\/div>\n\t\t<div class=\"wd-negative-gap elementor-element elementor-element-25bf060 e-grid wd-section-stretch e-con-boxed e-con e-parent\" data-id=\"25bf060\" data-element_type=\"container\" data-settings=\"{&quot;background_background&quot;:&quot;classic&quot;}\">\n\t\t\t\t\t<div class=\"e-con-inner\">\n\t\t\t\t<div class=\"elementor-element elementor-element-ef36620 elementor-widget elementor-widget-wd_text_block\" data-id=\"ef36620\" data-element_type=\"widget\" data-widget_type=\"wd_text_block.default\">\n\t\t\t\t<div class=\"elementor-widget-container\">\n\t\t\t\t\t\t\t<div class=\"wd-text-block reset-last-child text-left\">\n\t\t\t\n\t\t\t<h3><strong>EL MOTOR<\/strong><\/h3>\n<ul>\n \t<li>Equipado con motor el\u00e9ctrico BOSCH DC de <strong>400W<\/strong>, que proporciona 2000 movimientos pulsantes por minuto a 16V<\/li>\n \t<li>Incluye interruptor ON-OFF de <strong>35A<\/strong> y reductor que convierte el movimiento de las cabezas en pulsante<\/li>\n \t<li>Funciona tambi\u00e9n con bater\u00eda de coche (CON LA ADICI\u00d3N DE UN CONVERTIDOR), con un consumo de <strong>10\u201312 A\/HORA<\/strong><\/li>\n \t<li>Incluye cable de <strong>13 metros<\/strong><\/li>\n<\/ul>\n\n\t\t\t\t\t<\/div>\n\t\t\t\t\t\t<\/div>\n\t\t\t\t<\/div>\n\t\t\t\t<div class=\"elementor-element elementor-element-cc53765 elementor-widget elementor-widget-image\" data-id=\"cc53765\" data-element_type=\"widget\" data-widget_type=\"image.default\">\n\t\t\t\t<div class=\"elementor-widget-container\">\n\t\t\t\t\t\t\t\t\t\t\t\t\t\t\t<img decoding=\"async\" width=\"794\" height=\"736\" src=\"https:\/\/angelis-e.gr\/wp-content\/uploads\/2025\/01\/PLS_450.png\" class=\"attachment-large size-large wp-image-1702\" alt=\"\" srcset=\"https:\/\/angelis-e.gr\/wp-content\/uploads\/2025\/01\/PLS_450.png 794w, https:\/\/angelis-e.gr\/wp-content\/uploads\/2025\/01\/PLS_450-300x278.png 300w, https:\/\/angelis-e.gr\/wp-content\/uploads\/2025\/01\/PLS_450-768x712.png 768w, https:\/\/angelis-e.gr\/wp-content\/uploads\/2025\/01\/PLS_450-320x297.png 320w, https:\/\/angelis-e.gr\/wp-content\/uploads\/2025\/01\/PLS_450-480x445.png 480w, https:\/\/angelis-e.gr\/wp-content\/uploads\/2025\/01\/PLS_450-500x463.png 500w\" sizes=\"(max-width: 794px) 100vw, 794px\" \/>\t\t\t\t\t\t\t\t\t\t\t\t\t\t\t<\/div>\n\t\t\t\t<\/div>\n\t\t\t\t\t<\/div>\n\t\t\t\t<\/div>\n\t\t<div class=\"wd-negative-gap elementor-element elementor-element-4897d16 e-grid wd-section-stretch e-con-boxed e-con e-parent\" data-id=\"4897d16\" data-element_type=\"container\" data-settings=\"{&quot;background_background&quot;:&quot;classic&quot;}\">\n\t\t\t\t\t<div class=\"e-con-inner\">\n\t\t\t\t<div class=\"elementor-element elementor-element-1dc8fbd elementor-widget elementor-widget-wd_text_block\" data-id=\"1dc8fbd\" data-element_type=\"widget\" data-widget_type=\"wd_text_block.default\">\n\t\t\t\t<div class=\"elementor-widget-container\">\n\t\t\t\t\t\t\t<div class=\"wd-text-block reset-last-child text-left\">\n\t\t\t\n\t\t\t\t\t<div data-elementor-type=\"wp-post\" data-elementor-id=\"2298\" class=\"elementor elementor-2298 elementor-664\">\n\t\t\t\t<div class=\"elementor-element elementor-element-fcce286 e-grid e-con-full wd-section-stretch e-con e-parent\" data-id=\"fcce286\" data-element_type=\"container\" data-settings=\"{&quot;background_background&quot;:&quot;classic&quot;}\">\n\t\t\t\t<div class=\"elementor-element elementor-element-7e46a30 elementor-widget elementor-widget-wd_button\" data-id=\"7e46a30\" data-element_type=\"widget\" data-widget_type=\"wd_button.default\">\n\t\t\t\t<div class=\"elementor-widget-container\">\n\t\t\t\t\t\t\t<div class=\"wd-button-wrapper text-center\" >\n\t\t\t<a class=\"btn btn-style-3d btn-shape-rectangle btn-size-extra-large btn-color-black btn-full-width btn-icon-pos-right\"  href=\"https:\/\/angelis-e.gr\/es\/garantia-de-la-maquinaria\/\" target=\"_blank\">\n\t\t\t\t<span class=\"wd-btn-text\" data-elementor-setting-key=\"text\">\n\t\t\t\t\tGarant\u00eda de la m\u00e1quina\t\t\t\t<\/span>\n\n\t\t\t\t\t\t\t\t\t<span class=\"wd-btn-icon\">\n\t\t\t\t\t\t<svg class=\"wd-icon e-font-icon-svg e-fas-paperclip\" viewBox=\"0 0 448 512\" xmlns=\"http:\/\/www.w3.org\/2000\/svg\"><path d=\"M43.246 466.142c-58.43-60.289-57.341-157.511 1.386-217.581L254.392 34c44.316-45.332 116.351-45.336 160.671 0 43.89 44.894 43.943 117.329 0 162.276L232.214 383.128c-29.855 30.537-78.633 30.111-107.982-.998-28.275-29.97-27.368-77.473 1.452-106.953l143.743-146.835c6.182-6.314 16.312-6.422 22.626-.241l22.861 22.379c6.315 6.182 6.422 16.312.241 22.626L171.427 319.927c-4.932 5.045-5.236 13.428-.648 18.292 4.372 4.634 11.245 4.711 15.688.165l182.849-186.851c19.613-20.062 19.613-52.725-.011-72.798-19.189-19.627-49.957-19.637-69.154 0L90.39 293.295c-34.763 35.56-35.299 93.12-1.191 128.313 34.01 35.093 88.985 35.137 123.058.286l172.06-175.999c6.177-6.319 16.307-6.433 22.626-.256l22.877 22.364c6.319 6.177 6.434 16.307.256 22.626l-172.06 175.998c-59.576 60.938-155.943 60.216-214.77-.485z\"><\/path><\/svg>\t\t\t\t\t<\/span>\n\t\t\t\t\t\t\t<\/a>\n\t\t<\/div>\n\t\t\t\t\t\t<\/div>\n\t\t\t\t<\/div>\n\t\t\t\t<\/div>\n\t\t\t\t<\/div>\n\t\t\n\t\t\t\t\t<\/div>\n\t\t\t\t\t\t<\/div>\n\t\t\t\t<\/div>\n\t\t\t\t\t<\/div>\n\t\t\t\t<\/div>\n\t\t\t\t<\/div>\n\t\t","protected":false},"excerpt":{"rendered":"<div class=\"et_pb_column et_pb_column_1_4 et_pb_column_inner et_pb_column_inner_0\">\n<div class=\"et_pb_text et_pb_module et_pb_bg_layout_light et_pb_text_align_left et_pb_text_4\">\n<div class=\"et_pb_text_inner\">\n<div class=\"et_pb_row_inner et_pb_row_inner_0 et_pb_row_1-4_1-4\">\n<div class=\"et_pb_column et_pb_column_1_4 et_pb_column_inner et_pb_column_inner_0\">\n<div class=\"et_pb_text et_pb_module et_pb_bg_layout_light et_pb_text_align_left et_pb_text_4\">\n<div class=\"et_pb_text_inner\">\n<p><strong><img loading=\"lazy\" decoding=\"async\" class=\"wp-image-138 alignleft\" src=\"https:\/\/angelis-e.gr\/wp-content\/uploads\/2024\/10\/T%CF%8D%CF%80%CE%BF%CF%82-%CE%BA%CE%AF%CE%BD%CE%B7%CF%83%CE%B7%CF%82-150x150-1.png\" alt=\"\" width=\"48\" height=\"48\">Tipo de movimiento<\/strong><\/p>\n<p>Movimiento pulsante con vibraci\u00f3n &#8211; Sistema 6&#215;6<\/p>\n<p><strong><img loading=\"lazy\" decoding=\"async\" class=\"wp-image-212 alignleft\" src=\"https:\/\/angelis-e.gr\/wp-content\/uploads\/2025\/01\/carbon-fiber-tube.png\" alt=\"\" width=\"48\" height=\"48\">Material de construcci\u00f3n<\/strong><\/p>\n<p>Tubo de fibra de carbono<\/p>\n<\/div>\n<\/div>\n<\/div>\n<div class=\"et_pb_column et_pb_column_1_4 et_pb_column_inner et_pb_column_inner_1 et-last-child\">\n<div class=\"et_pb_text et_pb_module et_pb_bg_layout_light et_pb_text_align_left et_pb_text_5\">\n<div class=\"et_pb_text_inner\">\n<p><strong><img loading=\"lazy\" decoding=\"async\" class=\"wp-image-146 alignleft\" src=\"https:\/\/angelis-e.gr\/wp-content\/uploads\/2024\/10\/%CE%86%CF%81%CF%87%CE%B9%CE%BA%CF%8C-%CE%BC%CE%AE%CE%BA%CE%BF%CF%82-150x150-1.png\" alt=\"\" width=\"49\" height=\"49\">Longitud inicial<\/strong><\/p>\n<p>2,50m \u2013 2,80m<\/p>\n<\/div>\n<\/div>\n<\/div>\n<\/div>\n<div class=\"et_pb_row_inner et_pb_row_inner_1 et_pb_row_1-4_1-4\">\n<div class=\"et_pb_column et_pb_column_1_4 et_pb_column_inner et_pb_column_inner_2\">\n<div class=\"et_pb_text et_pb_module et_pb_bg_layout_light et_pb_text_align_left et_pb_text_6\">\n<div class=\"et_pb_text_inner\">\n<p><strong><img loading=\"lazy\" decoding=\"async\" class=\"wp-image-170 alignleft\" src=\"https:\/\/angelis-e.gr\/wp-content\/uploads\/2024\/10\/%CE%A4%CF%8D%CF%80%CE%BF%CF%82-%CE%BA%CE%B5%CF%86%CE%B1%CE%BB%CE%AE%CF%82-150x150-1.png\" alt=\"\" width=\"52\" height=\"52\">Tipo de cabezal<\/strong><\/p>\n<p>Contrapesos exc\u00e9ntricos T8 de aluminio con 48 varillas de fibra de carbono<\/p>\n<\/div>\n<\/div>\n<\/div>\n<div class=\"et_pb_column et_pb_column_1_4 et_pb_column_inner et_pb_column_inner_3 et-last-child\">\n<div class=\"et_pb_text et_pb_module et_pb_bg_layout_light et_pb_text_align_left et_pb_text_7\">\n<div class=\"et_pb_text_inner\">\n<p><strong><img loading=\"lazy\" decoding=\"async\" class=\" wp-image-150 alignleft\" src=\"https:\/\/angelis-e.gr\/wp-content\/uploads\/2024\/10\/%CE%92%CE%AC%CF%81%CE%BF%CF%82-150x150-1.png\" alt=\"\" width=\"49\" height=\"49\">Peso<\/strong><\/p>\n<p>2,95kg<\/p>\n<\/div>\n<\/div>\n<\/div>\n<\/div>\n<div class=\"et_pb_row_inner et_pb_row_inner_2 et_pb_row_1-4_1-4\">\n<div class=\"et_pb_column et_pb_column_1_4 et_pb_column_inner et_pb_column_inner_4\">\n<div class=\"et_pb_text et_pb_module et_pb_bg_layout_light et_pb_text_align_left et_pb_text_8\">\n<div class=\"et_pb_text_inner\">\n<p><strong><img loading=\"lazy\" decoding=\"async\" class=\"wp-image-162 alignleft\" src=\"https:\/\/angelis-e.gr\/wp-content\/uploads\/2024\/10\/%CE%A0%CE%B1%CE%BB%CE%BC%CE%B9%CE%BA%CE%AD%CF%82-%CE%BA%CE%B9%CE%BD%CE%AE%CF%83%CE%B5%CE%B9%CF%82%CE%BB%CE%B5%CF%80%CF%84%CF%8C-%CE%BA%CE%B5%CF%86%CE%B1%CE%BB%CE%AE-150x150-1.png\" alt=\"\" width=\"51\" height=\"51\">Revoluciones\/minuto cabezal<\/strong><\/p>\n<p>2000 rpm @ 16V DC<\/p>\n<\/div>\n<\/div>\n<\/div>\n<div class=\"et_pb_column et_pb_column_1_4 et_pb_column_inner et_pb_column_inner_5 et-last-child\">\n<div class=\"et_pb_text et_pb_module et_pb_bg_layout_light et_pb_text_align_left et_pb_text_9\">\n<div class=\"et_pb_text_inner\">\n<p><strong><img loading=\"lazy\" decoding=\"async\" class=\"wp-image-134 alignleft\" src=\"https:\/\/angelis-e.gr\/wp-content\/uploads\/2024\/10\/Mo%CF%84%CE%AD%CF%81-150x150-1.png\" alt=\"\" width=\"52\" height=\"52\">Motor<\/strong><\/p>\n<p>14-16V\/ 400W &#8211; 28-30V\/ 400W *referido a motor de 24V<\/p>\n<\/div>\n<\/div>\n<\/div>\n<\/div>\n<div class=\"et_pb_row_inner et_pb_row_inner_3 et_pb_row_1-4_1-4\">\n<div class=\"et_pb_column et_pb_column_1_4 et_pb_column_inner et_pb_column_inner_6\">\n<div class=\"et_pb_text et_pb_module et_pb_bg_layout_light et_pb_text_align_left et_pb_text_10\">\n<div class=\"et_pb_text_inner\">\n<p><strong><img loading=\"lazy\" decoding=\"async\" class=\"wp-image-158 alignleft\" src=\"https:\/\/angelis-e.gr\/wp-content\/uploads\/2024\/10\/%CE%9C%CE%AE%CE%BA%CE%BF%CF%82-%CE%BA%CE%B1%CE%BB%CF%89%CE%B4%CE%AF%CE%BF%CF%85-150x150-1.png\" alt=\"\" width=\"51\" height=\"51\">Longitud del cable<\/strong><\/p>\n<p>13m<\/p>\n<\/div>\n<\/div>\n<\/div>\n<div class=\"et_pb_column et_pb_column_1_4 et_pb_column_inner et_pb_column_inner_7 et-last-child\">\n<div class=\"et_pb_text et_pb_module et_pb_bg_layout_light et_pb_text_align_left et_pb_text_11\">\n<div class=\"et_pb_text_inner\">\n<p><strong><img loading=\"lazy\" decoding=\"async\" class=\"wp-image-142 alignleft\" src=\"https:\/\/angelis-e.gr\/wp-content\/uploads\/2024\/10\/%CE%91%CF%80%CF%8C%CE%B4%CE%BF%CF%83%CE%B7-150x150-1.png\" alt=\"\" width=\"49\" height=\"49\">Rendimiento<\/strong><\/p>\n<p>200 \u2013 250kg de aceituna<\/p>\n<\/div>\n<\/div>\n<\/div>\n<\/div>\n<div class=\"et_pb_row_inner et_pb_row_inner_4 et_pb_row_1-4_1-4\">\n<div class=\"et_pb_column et_pb_column_1_4 et_pb_column_inner et_pb_column_inner_8\">\n<div class=\"et_pb_text et_pb_module et_pb_bg_layout_light et_pb_text_align_left et_pb_text_12\">\n<div class=\"et_pb_text_inner\">\n<p><strong><img loading=\"lazy\" decoding=\"async\" class=\"wp-image-154 alignleft\" src=\"https:\/\/angelis-e.gr\/wp-content\/uploads\/2024\/10\/%CE%9C%CE%AD%CF%83%CE%B7-%CE%BA%CE%B1%CF%84%CE%B1%CE%BD%CE%AC%CE%BB%CF%89%CF%83%CE%B7-150x150-1.png\" alt=\"\" width=\"51\" height=\"51\">Consumo medio<\/strong><\/p>\n<p>8A \/ hora<\/p>\n<\/div>\n<\/div>\n<\/div>\n<div class=\"et_pb_column et_pb_column_1_4 et_pb_column_inner et_pb_column_inner_9 et-last-child\">\n<div class=\"et_pb_text et_pb_module et_pb_bg_layout_light et_pb_text_align_left et_pb_text_13\">\n<div class=\"et_pb_text_inner\">\n<p><strong><img loading=\"lazy\" decoding=\"async\" class=\"wp-image-166 alignleft\" src=\"https:\/\/angelis-e.gr\/wp-content\/uploads\/2024\/10\/%CF%84%CF%81%CE%BF%CF%86%CE%BF%CE%B4%CE%BF%CF%83%CE%AF%CE%B1-300x300.png\" alt=\"\" width=\"51\" height=\"51\">Alimentaci\u00f3n<\/strong><\/p>\n<p>Generador o bater\u00eda (80A \u2013 100A) con convertidor<\/p>\n<\/div>\n<\/div>\n<\/div>\n<\/div>\n<\/div>\n<\/div>\n<\/div>\n","protected":false},"featured_media":322,"template":"","meta":[],"product_brand":[],"product_cat":[131],"product_tag":[],"class_list":{"0":"post-2356","1":"product","2":"type-product","3":"status-publish","4":"has-post-thumbnail","6":"product_cat-cosechadores-de-aceitunas-asteras","8":"first","9":"instock","10":"taxable","11":"shipping-taxable","12":"product-type-variable"},"_links":{"self":[{"href":"https:\/\/angelis-e.gr\/es\/wp-json\/wp\/v2\/product\/2356","targetHints":{"allow":["GET"]}}],"collection":[{"href":"https:\/\/angelis-e.gr\/es\/wp-json\/wp\/v2\/product"}],"about":[{"href":"https:\/\/angelis-e.gr\/es\/wp-json\/wp\/v2\/types\/product"}],"version-history":[{"count":4,"href":"https:\/\/angelis-e.gr\/es\/wp-json\/wp\/v2\/product\/2356\/revisions"}],"predecessor-version":[{"id":3646,"href":"https:\/\/angelis-e.gr\/es\/wp-json\/wp\/v2\/product\/2356\/revisions\/3646"}],"wp:featuredmedia":[{"embeddable":true,"href":"https:\/\/angelis-e.gr\/es\/wp-json\/wp\/v2\/media\/322"}],"wp:attachment":[{"href":"https:\/\/angelis-e.gr\/es\/wp-json\/wp\/v2\/media?parent=2356"}],"wp:term":[{"taxonomy":"product_brand","embeddable":true,"href":"https:\/\/angelis-e.gr\/es\/wp-json\/wp\/v2\/product_brand?post=2356"},{"taxonomy":"product_cat","embeddable":true,"href":"https:\/\/angelis-e.gr\/es\/wp-json\/wp\/v2\/product_cat?post=2356"},{"taxonomy":"product_tag","embeddable":true,"href":"https:\/\/angelis-e.gr\/es\/wp-json\/wp\/v2\/product_tag?post=2356"}],"curies":[{"name":"wp","href":"https:\/\/api.w.org\/{rel}","templated":true}]}}