{"id":2388,"date":"2025-02-14T09:11:44","date_gmt":"2025-02-14T06:11:44","guid":{"rendered":"https:\/\/angelis-e.gr\/shop\/sin%20categor\u00eda\/angelis-1-koupepe\/"},"modified":"2025-07-25T04:52:54","modified_gmt":"2025-07-25T02:52:54","slug":"angelis-1-koupepe","status":"publish","type":"product","link":"https:\/\/angelis-e.gr\/es\/shop\/cosechadores-de-aceitunas-koupepe\/angelis-1-koupepe\/","title":{"rendered":"Angel\u00eds 1 (Koupepe)"},"content":{"rendered":"\t\t<div data-elementor-type=\"wp-post\" data-elementor-id=\"2388\" class=\"elementor elementor-2388 elementor-380\">\n\t\t\t\t<div class=\"elementor-element elementor-element-7ad2167 e-con-full wd-section-stretch e-flex e-con e-parent\" data-id=\"7ad2167\" data-element_type=\"container\">\n\t\t\t\t<div class=\"elementor-element elementor-element-72ad2bf elementor-widget elementor-widget-wd_text_block\" data-id=\"72ad2bf\" data-element_type=\"widget\" data-widget_type=\"wd_text_block.default\">\n\t\t\t\t<div class=\"elementor-widget-container\">\n\t\t\t\t\t\t\t<div class=\"wd-text-block reset-last-child text-left\">\n\t\t\t\n\t\t\t\t\t<div data-elementor-type=\"wp-post\" data-elementor-id=\"2307\" class=\"elementor elementor-2307 elementor-377\">\n\t\t\t\t<div class=\"elementor-element elementor-element-959d467 e-grid e-con-full wd-section-stretch e-con e-parent\" data-id=\"959d467\" data-element_type=\"container\" data-settings=\"{&quot;background_background&quot;:&quot;gradient&quot;}\">\n\t\t\t\t<div class=\"elementor-element elementor-element-ec42b0e elementor-widget elementor-widget-wd_text_block\" data-id=\"ec42b0e\" data-element_type=\"widget\" data-widget_type=\"wd_text_block.default\">\n\t\t\t\t<div class=\"elementor-widget-container\">\n\t\t\t\t\t\t\t<div class=\"wd-text-block reset-last-child text-left\">\n\t\t\t\n\t\t\t<h3 style=\"text-align: center;\">\u00a1La m\u00e1quina que hizo que la recolecci\u00f3n de aceitunas fuera un juego de ni\u00f1os!<\/h3>\n\t\t\t\t\t<\/div>\n\t\t\t\t\t\t<\/div>\n\t\t\t\t<\/div>\n\t\t\t\t<\/div>\n\t\t\t\t<\/div>\n\t\t\n\t\t\t\t\t<\/div>\n\t\t\t\t\t\t<\/div>\n\t\t\t\t<\/div>\n\t\t\t\t<\/div>\n\t\t<div class=\"elementor-element elementor-element-214d1bc e-grid e-con-full wd-section-stretch e-con e-parent\" data-id=\"214d1bc\" data-element_type=\"container\" data-settings=\"{&quot;background_background&quot;:&quot;classic&quot;}\">\n\t\t\t\t<div class=\"elementor-element elementor-element-3cea8c6 elementor-widget elementor-widget-wd_text_block\" data-id=\"3cea8c6\" data-element_type=\"widget\" data-widget_type=\"wd_text_block.default\">\n\t\t\t\t<div class=\"elementor-widget-container\">\n\t\t\t\t\t\t\t<div class=\"wd-text-block reset-last-child text-left\">\n\t\t\t\n\t\t\t<h3><b><strong>EL MOVIMIENTO<\/strong><\/b><\/h3>\n<strong>Aggelis 1 Koupepe<\/strong> es <strong>el primer vareador de olivos de impulso<\/strong> que se fabric\u00f3, y trajo una <strong>revoluci\u00f3n<\/strong> al mundo del olivar.\n\nConstituy\u00f3 la base para el desarrollo de todas las <strong>m\u00e1quinas de movimiento pulsante<\/strong> posteriores.\n\n\t\t\t\t\t<\/div>\n\t\t\t\t\t\t<\/div>\n\t\t\t\t<\/div>\n\t\t\t\t<div class=\"elementor-element elementor-element-9627170 elementor-widget elementor-widget-video\" data-id=\"9627170\" data-element_type=\"widget\" data-settings=\"{&quot;youtube_url&quot;:&quot;https:\\\/\\\/www.youtube.com\\\/watch?v=-J-0pw1Jc7g&amp;ab_channel=AngelisOliveHarvesters&quot;,&quot;autoplay&quot;:&quot;yes&quot;,&quot;mute&quot;:&quot;yes&quot;,&quot;loop&quot;:&quot;yes&quot;,&quot;lazy_load&quot;:&quot;yes&quot;,&quot;video_type&quot;:&quot;youtube&quot;}\" data-widget_type=\"video.default\">\n\t\t\t\t<div class=\"elementor-widget-container\">\n\t\t\t\t\t\t\t<div class=\"elementor-wrapper elementor-open-inline\">\n\t\t\t<div class=\"elementor-video\"><\/div>\t\t<\/div>\n\t\t\t\t\t\t<\/div>\n\t\t\t\t<\/div>\n\t\t\t\t<\/div>\n\t\t<div class=\"elementor-element elementor-element-a4dd6f5 e-grid e-con-full wd-section-stretch e-con e-parent\" data-id=\"a4dd6f5\" data-element_type=\"container\" data-settings=\"{&quot;background_background&quot;:&quot;classic&quot;}\">\n\t\t\t\t<div class=\"elementor-element elementor-element-90d87d4 elementor-widget elementor-widget-image\" data-id=\"90d87d4\" data-element_type=\"widget\" data-widget_type=\"image.default\">\n\t\t\t\t<div class=\"elementor-widget-container\">\n\t\t\t\t\t\t\t\t\t\t\t\t\t\t\t<img fetchpriority=\"high\" decoding=\"async\" width=\"800\" height=\"500\" src=\"https:\/\/angelis-e.gr\/wp-content\/uploads\/2025\/02\/koupepe-product-head.png\" class=\"attachment-large size-large wp-image-393\" alt=\"\" srcset=\"https:\/\/angelis-e.gr\/wp-content\/uploads\/2025\/02\/koupepe-product-head.png 800w, https:\/\/angelis-e.gr\/wp-content\/uploads\/2025\/02\/koupepe-product-head-500x313.png 500w, https:\/\/angelis-e.gr\/wp-content\/uploads\/2025\/02\/koupepe-product-head-300x188.png 300w, https:\/\/angelis-e.gr\/wp-content\/uploads\/2025\/02\/koupepe-product-head-768x480.png 768w, https:\/\/angelis-e.gr\/wp-content\/uploads\/2025\/02\/koupepe-product-head-320x200.png 320w, https:\/\/angelis-e.gr\/wp-content\/uploads\/2025\/02\/koupepe-product-head-480x300.png 480w\" sizes=\"(max-width: 800px) 100vw, 800px\" \/>\t\t\t\t\t\t\t\t\t\t\t\t\t\t\t<\/div>\n\t\t\t\t<\/div>\n\t\t\t\t<div class=\"elementor-element elementor-element-9214158 elementor-widget elementor-widget-wd_text_block\" data-id=\"9214158\" data-element_type=\"widget\" data-widget_type=\"wd_text_block.default\">\n\t\t\t\t<div class=\"elementor-widget-container\">\n\t\t\t\t\t\t\t<div class=\"wd-text-block reset-last-child text-left\">\n\t\t\t\n\t\t\t<h3><b><strong>LA CABEZA<\/strong><\/b><\/h3>\n<div class=\"et_pb_text et_pb_module et_pb_bg_layout_light et_pb_text_align_left et_pb_text_13 et_pb_with_border\">\n<div class=\"et_pb_text_inner\">\n<div class=\"et_pb_text et_pb_module et_pb_bg_layout_light et_pb_text_align_left et_pb_text_11 et_pb_with_border\">\n<div class=\"et_pb_text_inner\">\n\n<strong>22 varillas de 10 cm<\/strong>, amigables con el olivo y el fruto.\n\nTubo de <strong>aluminio alem\u00e1n<\/strong> para peso reducido.\n\n<span class=\"text_exposed_show\">\nMecanismo de <strong>acero para durabilidad.<\/strong>\nCon <strong>anillos antivibraci\u00f3n<\/strong> para facilitar el manejo.<\/span>\n\n<\/div>\n<\/div>\n<div class=\"et_pb_text et_pb_module et_pb_bg_layout_light et_pb_text_align_left et_pb_text_12 et_pb_with_border\">\n<div class=\"et_pb_text_inner\">\n\nLos agricultores griegos lo han apodado <strong>Koupepe<\/strong> debido al movimiento pulsante circular de su cabeza.\nLa cabeza est\u00e1 equipada con 22 varillas pl\u00e1sticas (7 dobles y 2 cu\u00e1druples), amigables con las aceitunas, de 10 cm cada una, dispuestas en forma de cruz que permiten el m\u00e1ximo desprendimiento del fruto sin causar da\u00f1o.\nEl eje interno de la cabeza es cuadrado, y las varillas se montan sobre \u00e9l.\nEl tubo es de aluminio con eje de 7 mm (varilla) de acero inoxidable y anillos antivibraci\u00f3n de goma y ertal\u00f3n.\n\n<\/div>\n<\/div>\n<\/div>\n<\/div>\n\n\t\t\t\t\t<\/div>\n\t\t\t\t\t\t<\/div>\n\t\t\t\t<\/div>\n\t\t\t\t<\/div>\n\t\t<div class=\"wd-negative-gap elementor-element elementor-element-25bf060 e-grid wd-section-stretch e-con-boxed e-con e-parent\" data-id=\"25bf060\" data-element_type=\"container\" data-settings=\"{&quot;background_background&quot;:&quot;classic&quot;}\">\n\t\t\t\t\t<div class=\"e-con-inner\">\n\t\t\t\t<div class=\"elementor-element elementor-element-ef36620 elementor-widget elementor-widget-wd_text_block\" data-id=\"ef36620\" data-element_type=\"widget\" data-widget_type=\"wd_text_block.default\">\n\t\t\t\t<div class=\"elementor-widget-container\">\n\t\t\t\t\t\t\t<div class=\"wd-text-block reset-last-child text-left\">\n\t\t\t\n\t\t\t<h3><strong>EL MOTOR<\/strong><\/h3>\n<div class=\"et_pb_text et_pb_module et_pb_bg_layout_light et_pb_text_align_left et_pb_text_13 et_pb_with_border\">\n<div class=\"et_pb_text_inner\">\n\n<strong>El\u00e9ctrico DC 200W<\/strong> con rendimiento de 2000 rpm (revoluciones por minuto) a 14V.\n\nCon interruptor on-off de 35A y <strong>reductor<\/strong> que convierte su movimiento en pulsante.\n\nFunciona con una bater\u00eda de coche est\u00e1ndar, con consumo de solo 8A\/h. Incluye <strong>cable de 15 metros<\/strong>.\n\n<\/div>\n<\/div>\n<div class=\"et_pb_text et_pb_module et_pb_bg_layout_light et_pb_text_align_left et_pb_text_14 et_pb_with_border\">\n<div class=\"et_pb_text_inner\">\n\nEl motor es un DC de 200W con engranaje met\u00e1lico pintado por inducci\u00f3n. Cuenta con un interruptor on-off de 35A y un reductor que convierte el movimiento en pulsante. El reductor transmite el movimiento a trav\u00e9s de un acoplamiento desde el eje hasta la cabeza. Los movimientos pulsantes que se transmiten a la cabeza alcanzan las 2000 por minuto a 14V.\nEl AGGELIS 1 funciona con corriente DC de 12-14V. Opera con una bater\u00eda de coche est\u00e1ndar y consume solo 8A por hora.\nSi deseas usarlo con un generador comercial o casero, siempre debes verificar la salida del generador con un volt\u00edmetro y estabilizar el voltaje para que no supere los 14V.\n\n<\/div>\n<\/div>\n\n\t\t\t\t\t<\/div>\n\t\t\t\t\t\t<\/div>\n\t\t\t\t<\/div>\n\t\t\t\t<div class=\"elementor-element elementor-element-cc53765 elementor-widget elementor-widget-image\" data-id=\"cc53765\" data-element_type=\"widget\" data-widget_type=\"image.default\">\n\t\t\t\t<div class=\"elementor-widget-container\">\n\t\t\t\t\t\t\t\t\t\t\t\t\t\t\t<img decoding=\"async\" width=\"494\" height=\"503\" src=\"https:\/\/angelis-e.gr\/wp-content\/uploads\/2024\/10\/Asteras-Motor-Detail-1.jpg\" class=\"attachment-large size-large wp-image-127\" alt=\"\" srcset=\"https:\/\/angelis-e.gr\/wp-content\/uploads\/2024\/10\/Asteras-Motor-Detail-1.jpg 494w, https:\/\/angelis-e.gr\/wp-content\/uploads\/2024\/10\/Asteras-Motor-Detail-1-295x300.jpg 295w, https:\/\/angelis-e.gr\/wp-content\/uploads\/2024\/10\/Asteras-Motor-Detail-1-320x326.jpg 320w, https:\/\/angelis-e.gr\/wp-content\/uploads\/2024\/10\/Asteras-Motor-Detail-1-480x489.jpg 480w\" sizes=\"(max-width: 494px) 100vw, 494px\" \/>\t\t\t\t\t\t\t\t\t\t\t\t\t\t\t<\/div>\n\t\t\t\t<\/div>\n\t\t\t\t\t<\/div>\n\t\t\t\t<\/div>\n\t\t<div class=\"wd-negative-gap elementor-element elementor-element-770c70d e-grid wd-section-stretch e-con-boxed e-con e-parent\" data-id=\"770c70d\" data-element_type=\"container\" data-settings=\"{&quot;background_background&quot;:&quot;classic&quot;}\">\n\t\t\t\t\t<div class=\"e-con-inner\">\n\t\t\t\t<div class=\"elementor-element elementor-element-910be1d elementor-widget elementor-widget-wd_text_block\" data-id=\"910be1d\" data-element_type=\"widget\" data-widget_type=\"wd_text_block.default\">\n\t\t\t\t<div class=\"elementor-widget-container\">\n\t\t\t\t\t\t\t<div class=\"wd-text-block reset-last-child text-left\">\n\t\t\t\n\t\t\t<h3>\t\t<div data-elementor-type=\"wp-post\" data-elementor-id=\"2298\" class=\"elementor elementor-2298 elementor-664\">\n\t\t\t\t<div class=\"elementor-element elementor-element-fcce286 e-grid e-con-full wd-section-stretch e-con e-parent\" data-id=\"fcce286\" data-element_type=\"container\" data-settings=\"{&quot;background_background&quot;:&quot;classic&quot;}\">\n\t\t\t\t<div class=\"elementor-element elementor-element-7e46a30 elementor-widget elementor-widget-wd_button\" data-id=\"7e46a30\" data-element_type=\"widget\" data-widget_type=\"wd_button.default\">\n\t\t\t\t<div class=\"elementor-widget-container\">\n\t\t\t\t\t\t\t<div class=\"wd-button-wrapper text-center\" >\n\t\t\t<a class=\"btn btn-style-3d btn-shape-rectangle btn-size-extra-large btn-color-black btn-full-width btn-icon-pos-right\"  href=\"https:\/\/angelis-e.gr\/es\/garantia-de-la-maquinaria\/\" target=\"_blank\">\n\t\t\t\t<span class=\"wd-btn-text\" data-elementor-setting-key=\"text\">\n\t\t\t\t\tGarant\u00eda de la m\u00e1quina\t\t\t\t<\/span>\n\n\t\t\t\t\t\t\t\t\t<span class=\"wd-btn-icon\">\n\t\t\t\t\t\t<svg class=\"wd-icon e-font-icon-svg e-fas-paperclip\" viewBox=\"0 0 448 512\" xmlns=\"http:\/\/www.w3.org\/2000\/svg\"><path d=\"M43.246 466.142c-58.43-60.289-57.341-157.511 1.386-217.581L254.392 34c44.316-45.332 116.351-45.336 160.671 0 43.89 44.894 43.943 117.329 0 162.276L232.214 383.128c-29.855 30.537-78.633 30.111-107.982-.998-28.275-29.97-27.368-77.473 1.452-106.953l143.743-146.835c6.182-6.314 16.312-6.422 22.626-.241l22.861 22.379c6.315 6.182 6.422 16.312.241 22.626L171.427 319.927c-4.932 5.045-5.236 13.428-.648 18.292 4.372 4.634 11.245 4.711 15.688.165l182.849-186.851c19.613-20.062 19.613-52.725-.011-72.798-19.189-19.627-49.957-19.637-69.154 0L90.39 293.295c-34.763 35.56-35.299 93.12-1.191 128.313 34.01 35.093 88.985 35.137 123.058.286l172.06-175.999c6.177-6.319 16.307-6.433 22.626-.256l22.877 22.364c6.319 6.177 6.434 16.307.256 22.626l-172.06 175.998c-59.576 60.938-155.943 60.216-214.77-.485z\"><\/path><\/svg>\t\t\t\t\t<\/span>\n\t\t\t\t\t\t\t<\/a>\n\t\t<\/div>\n\t\t\t\t\t\t<\/div>\n\t\t\t\t<\/div>\n\t\t\t\t<\/div>\n\t\t\t\t<\/div>\n\t\t<\/h3>\n\t\t\t\t\t<\/div>\n\t\t\t\t\t\t<\/div>\n\t\t\t\t<\/div>\n\t\t\t\t\t<\/div>\n\t\t\t\t<\/div>\n\t\t\t\t<\/div>\n\t\t","protected":false},"excerpt":{"rendered":"<div class=\"et_pb_column et_pb_column_1_4 et_pb_column_inner et_pb_column_inner_0\">\n<div class=\"et_pb_text et_pb_module et_pb_bg_layout_light et_pb_text_align_left et_pb_text_4\">\n<div class=\"et_pb_text_inner\">\n<div class=\"et_pb_row_inner et_pb_row_inner_0 et_pb_row_1-4_1-4\">\n<div class=\"et_pb_column et_pb_column_1_4 et_pb_column_inner et_pb_column_inner_0\">\n<div class=\"et_pb_text et_pb_module et_pb_bg_layout_light et_pb_text_align_left et_pb_text_4\">\n<div class=\"et_pb_text_inner\">\n<p><strong><img decoding=\"async\" class=\"wp-image-138 alignleft\" src=\"https:\/\/angelis-e.gr\/wp-content\/uploads\/2024\/10\/T%CF%8D%CF%80%CE%BF%CF%82-%CE%BA%CE%AF%CE%BD%CE%B7%CF%83%CE%B7%CF%82-150x150-1.png\" alt=\"\" width=\"48\" height=\"48\">Tipo de movimiento<\/strong><\/p>\n<p>Movimiento de pulsaci\u00f3n con vibraci\u00f3n<\/p>\n<\/div>\n<\/div>\n<\/div>\n<div class=\"et_pb_column et_pb_column_1_4 et_pb_column_inner et_pb_column_inner_1 et-last-child\">\n<div class=\"et_pb_text et_pb_module et_pb_bg_layout_light et_pb_text_align_left et_pb_text_5\">\n<div class=\"et_pb_text_inner\">\n<p><strong><img loading=\"lazy\" decoding=\"async\" class=\"wp-image-146 alignleft\" src=\"https:\/\/angelis-e.gr\/wp-content\/uploads\/2024\/10\/%CE%86%CF%81%CF%87%CE%B9%CE%BA%CF%8C-%CE%BC%CE%AE%CE%BA%CE%BF%CF%82-150x150-1.png\" alt=\"\" width=\"49\" height=\"49\">Longitud inicial<\/strong><\/p>\n<p>2,20 \u2013 2,70m<\/p>\n<\/div>\n<\/div>\n<\/div>\n<\/div>\n<div class=\"et_pb_row_inner et_pb_row_inner_1 et_pb_row_1-4_1-4\">\n<div class=\"et_pb_column et_pb_column_1_4 et_pb_column_inner et_pb_column_inner_2\">\n<div class=\"et_pb_text et_pb_module et_pb_bg_layout_light et_pb_text_align_left et_pb_text_6\">\n<div class=\"et_pb_text_inner\">\n<p><strong><img loading=\"lazy\" decoding=\"async\" class=\"wp-image-170 alignleft\" src=\"https:\/\/angelis-e.gr\/wp-content\/uploads\/2024\/10\/%CE%A4%CF%8D%CF%80%CE%BF%CF%82-%CE%BA%CE%B5%CF%86%CE%B1%CE%BB%CE%AE%CF%82-150x150-1.png\" alt=\"\" width=\"52\" height=\"52\">Tipo de cabezal<\/strong><\/p>\n<p>22 varillas de pl\u00e1stico (de 10 puntos cada una)<\/p>\n<\/div>\n<\/div>\n<\/div>\n<div class=\"et_pb_column et_pb_column_1_4 et_pb_column_inner et_pb_column_inner_3 et-last-child\">\n<div class=\"et_pb_text et_pb_module et_pb_bg_layout_light et_pb_text_align_left et_pb_text_7\">\n<div class=\"et_pb_text_inner\">\n<p><strong><img loading=\"lazy\" decoding=\"async\" class=\" wp-image-150 alignleft\" src=\"https:\/\/angelis-e.gr\/wp-content\/uploads\/2024\/10\/%CE%92%CE%AC%CF%81%CE%BF%CF%82-150x150-1.png\" alt=\"\" width=\"49\" height=\"49\">Peso<\/strong><\/p>\n<p>3,5kg<\/p>\n<\/div>\n<\/div>\n<\/div>\n<\/div>\n<div class=\"et_pb_row_inner et_pb_row_inner_2 et_pb_row_1-4_1-4\">\n<div class=\"et_pb_column et_pb_column_1_4 et_pb_column_inner et_pb_column_inner_4\">\n<div class=\"et_pb_text et_pb_module et_pb_bg_layout_light et_pb_text_align_left et_pb_text_8\">\n<div class=\"et_pb_text_inner\">\n<p><strong><img loading=\"lazy\" decoding=\"async\" class=\"wp-image-162 alignleft\" src=\"https:\/\/angelis-e.gr\/wp-content\/uploads\/2024\/10\/%CE%A0%CE%B1%CE%BB%CE%BC%CE%B9%CE%BA%CE%AD%CF%82-%CE%BA%CE%B9%CE%BD%CE%AE%CF%83%CE%B5%CE%B9%CF%82%CE%BB%CE%B5%CF%80%CF%84%CF%8C-%CE%BA%CE%B5%CF%86%CE%B1%CE%BB%CE%AE-150x150-1.png\" alt=\"\" width=\"51\" height=\"51\">Movimientos de pulsaci\u00f3n\/minuto cabezal<\/strong><\/p>\n<p>2000rpm @ 14V DC<\/p>\n<\/div>\n<\/div>\n<\/div>\n<div class=\"et_pb_column et_pb_column_1_4 et_pb_column_inner et_pb_column_inner_5 et-last-child\">\n<div class=\"et_pb_text et_pb_module et_pb_bg_layout_light et_pb_text_align_left et_pb_text_9\">\n<div class=\"et_pb_text_inner\">\n<p><strong><img loading=\"lazy\" decoding=\"async\" class=\"wp-image-134 alignleft\" src=\"https:\/\/angelis-e.gr\/wp-content\/uploads\/2024\/10\/Mo%CF%84%CE%AD%CF%81-150x150-1.png\" alt=\"\" width=\"52\" height=\"52\">Motor<\/strong><\/p>\n<p>12- 14V\/ 200W (600W par)<\/p>\n<\/div>\n<\/div>\n<\/div>\n<\/div>\n<div class=\"et_pb_row_inner et_pb_row_inner_3 et_pb_row_1-4_1-4\">\n<div class=\"et_pb_column et_pb_column_1_4 et_pb_column_inner et_pb_column_inner_6\">\n<div class=\"et_pb_text et_pb_module et_pb_bg_layout_light et_pb_text_align_left et_pb_text_10\">\n<div class=\"et_pb_text_inner\">\n<p><strong><img loading=\"lazy\" decoding=\"async\" class=\"wp-image-158 alignleft\" src=\"https:\/\/angelis-e.gr\/wp-content\/uploads\/2024\/10\/%CE%9C%CE%AE%CE%BA%CE%BF%CF%82-%CE%BA%CE%B1%CE%BB%CF%89%CE%B4%CE%AF%CE%BF%CF%85-150x150-1.png\" alt=\"\" width=\"51\" height=\"51\">Longitud del cable<\/strong><\/p>\n<p>15m (para uso con generador o bater\u00eda)<\/p>\n<\/div>\n<\/div>\n<\/div>\n<div class=\"et_pb_column et_pb_column_1_4 et_pb_column_inner et_pb_column_inner_7 et-last-child\">\n<div class=\"et_pb_text et_pb_module et_pb_bg_layout_light et_pb_text_align_left et_pb_text_11\">\n<div class=\"et_pb_text_inner\">\n<p><strong><img loading=\"lazy\" decoding=\"async\" class=\"wp-image-142 alignleft\" src=\"https:\/\/angelis-e.gr\/wp-content\/uploads\/2024\/10\/%CE%91%CF%80%CF%8C%CE%B4%CE%BF%CF%83%CE%B7-150x150-1.png\" alt=\"\" width=\"49\" height=\"49\">Rendimiento<\/strong><\/p>\n<p>200kg de aceituna\/hora<\/p>\n<\/div>\n<\/div>\n<\/div>\n<\/div>\n<div class=\"et_pb_row_inner et_pb_row_inner_4 et_pb_row_1-4_1-4\">\n<div class=\"et_pb_column et_pb_column_1_4 et_pb_column_inner et_pb_column_inner_8\">\n<div class=\"et_pb_text et_pb_module et_pb_bg_layout_light et_pb_text_align_left et_pb_text_12\">\n<div class=\"et_pb_text_inner\">\n<p><strong><img loading=\"lazy\" decoding=\"async\" class=\"wp-image-154 alignleft\" src=\"https:\/\/angelis-e.gr\/wp-content\/uploads\/2024\/10\/%CE%9C%CE%AD%CF%83%CE%B7-%CE%BA%CE%B1%CF%84%CE%B1%CE%BD%CE%AC%CE%BB%CF%89%CF%83%CE%B7-150x150-1.png\" alt=\"\" width=\"51\" height=\"51\">Consumo medio<\/strong><\/p>\n<p>8A \/ hora<\/p>\n<\/div>\n<\/div>\n<\/div>\n<div class=\"et_pb_column et_pb_column_1_4 et_pb_column_inner et_pb_column_inner_9 et-last-child\">\n<div class=\"et_pb_text et_pb_module et_pb_bg_layout_light et_pb_text_align_left et_pb_text_13\">\n<div class=\"et_pb_text_inner\">\n<p><strong><img loading=\"lazy\" decoding=\"async\" class=\"wp-image-166 alignleft\" src=\"https:\/\/angelis-e.gr\/wp-content\/uploads\/2024\/10\/%CF%84%CF%81%CE%BF%CF%86%CE%BF%CE%B4%CE%BF%CF%83%CE%AF%CE%B1-300x300.png\" alt=\"\" width=\"51\" height=\"51\">Alimentaci\u00f3n<\/strong><\/p>\n<p>Generador o bater\u00eda (80A \u2013 100A) con convertidor<\/p>\n<\/div>\n<\/div>\n<\/div>\n<\/div>\n<\/div>\n<\/div>\n<\/div>\n","protected":false},"featured_media":326,"template":"","meta":[],"product_brand":[],"product_cat":[130],"product_tag":[],"class_list":{"0":"post-2388","1":"product","2":"type-product","3":"status-publish","4":"has-post-thumbnail","6":"product_cat-cosechadores-de-aceitunas-koupepe","8":"first","9":"instock","10":"taxable","11":"shipping-taxable","12":"product-type-variable"},"_links":{"self":[{"href":"https:\/\/angelis-e.gr\/es\/wp-json\/wp\/v2\/product\/2388","targetHints":{"allow":["GET"]}}],"collection":[{"href":"https:\/\/angelis-e.gr\/es\/wp-json\/wp\/v2\/product"}],"about":[{"href":"https:\/\/angelis-e.gr\/es\/wp-json\/wp\/v2\/types\/product"}],"version-history":[{"count":4,"href":"https:\/\/angelis-e.gr\/es\/wp-json\/wp\/v2\/product\/2388\/revisions"}],"predecessor-version":[{"id":3728,"href":"https:\/\/angelis-e.gr\/es\/wp-json\/wp\/v2\/product\/2388\/revisions\/3728"}],"wp:featuredmedia":[{"embeddable":true,"href":"https:\/\/angelis-e.gr\/es\/wp-json\/wp\/v2\/media\/326"}],"wp:attachment":[{"href":"https:\/\/angelis-e.gr\/es\/wp-json\/wp\/v2\/media?parent=2388"}],"wp:term":[{"taxonomy":"product_brand","embeddable":true,"href":"https:\/\/angelis-e.gr\/es\/wp-json\/wp\/v2\/product_brand?post=2388"},{"taxonomy":"product_cat","embeddable":true,"href":"https:\/\/angelis-e.gr\/es\/wp-json\/wp\/v2\/product_cat?post=2388"},{"taxonomy":"product_tag","embeddable":true,"href":"https:\/\/angelis-e.gr\/es\/wp-json\/wp\/v2\/product_tag?post=2388"}],"curies":[{"name":"wp","href":"https:\/\/api.w.org\/{rel}","templated":true}]}}