{"id":2418,"date":"2025-02-21T15:12:50","date_gmt":"2025-02-21T12:12:50","guid":{"rendered":"https:\/\/angelis-e.gr\/shop\/sin%20categor\u00eda\/motosierra-de-pertiga-telescopica-a-bateria-de-21-v\/"},"modified":"2025-07-25T04:57:49","modified_gmt":"2025-07-25T02:57:49","slug":"motosierra-de-pertiga-telescopica-a-bateria-de-21-v","status":"publish","type":"product","link":"https:\/\/angelis-e.gr\/es\/shop\/productos-de-poda\/motosierra-de-pertiga-telescopica-a-bateria-de-21-v\/","title":{"rendered":"Motosierra de p\u00e9rtiga telesc\u00f3pica a bater\u00eda de 21 V"},"content":{"rendered":"\t\t<div data-elementor-type=\"wp-post\" data-elementor-id=\"2418\" class=\"elementor elementor-2418 elementor-489\">\n\t\t\t\t<div class=\"elementor-element elementor-element-7ad2167 e-con-full wd-section-stretch e-flex e-con e-parent\" data-id=\"7ad2167\" data-element_type=\"container\">\n\t\t\t\t<div class=\"elementor-element elementor-element-d5bf24b elementor-widget elementor-widget-wd_button\" data-id=\"d5bf24b\" data-element_type=\"widget\" data-widget_type=\"wd_button.default\">\n\t\t\t\t<div class=\"elementor-widget-container\">\n\t\t\t\t\t\t\t<div class=\"wd-button-wrapper text-center\" >\n\t\t\t<a class=\"btn btn-style-3d btn-shape-rectangle btn-size-extra-large btn-color-black btn-full-width btn-icon-pos-right\"  href=\"\/wp-content\/uploads\/2025\/07\/kontaropriono-Exploded-View.jpg\">\n\t\t\t\t<span class=\"wd-btn-text\" data-elementor-setting-key=\"text\">\n\t\t\t\t\tDiagrama de la m\u00e1quina\t\t\t\t<\/span>\n\n\t\t\t\t\t\t\t\t\t<span class=\"wd-btn-icon\">\n\t\t\t\t\t\t<svg class=\"wd-icon e-font-icon-svg e-fas-tools\" viewBox=\"0 0 512 512\" xmlns=\"http:\/\/www.w3.org\/2000\/svg\"><path d=\"M501.1 395.7L384 278.6c-23.1-23.1-57.6-27.6-85.4-13.9L192 158.1V96L64 0 0 64l96 128h62.1l106.6 106.6c-13.6 27.8-9.2 62.3 13.9 85.4l117.1 117.1c14.6 14.6 38.2 14.6 52.7 0l52.7-52.7c14.5-14.6 14.5-38.2 0-52.7zM331.7 225c28.3 0 54.9 11 74.9 31l19.4 19.4c15.8-6.9 30.8-16.5 43.8-29.5 37.1-37.1 49.7-89.3 37.9-136.7-2.2-9-13.5-12.1-20.1-5.5l-74.4 74.4-67.9-11.3L334 98.9l74.4-74.4c6.6-6.6 3.4-17.9-5.7-20.2-47.4-11.7-99.6.9-136.6 37.9-28.5 28.5-41.9 66.1-41.2 103.6l82.1 82.1c8.1-1.9 16.5-2.9 24.7-2.9zm-103.9 82l-56.7-56.7L18.7 402.8c-25 25-25 65.5 0 90.5s65.5 25 90.5 0l123.6-123.6c-7.6-19.9-9.9-41.6-5-62.7zM64 472c-13.2 0-24-10.8-24-24 0-13.3 10.7-24 24-24s24 10.7 24 24c0 13.2-10.7 24-24 24z\"><\/path><\/svg>\t\t\t\t\t<\/span>\n\t\t\t\t\t\t\t<\/a>\n\t\t<\/div>\n\t\t\t\t\t\t<\/div>\n\t\t\t\t<\/div>\n\t\t\t\t<div class=\"elementor-element elementor-element-72ad2bf elementor-widget elementor-widget-wd_text_block\" data-id=\"72ad2bf\" data-element_type=\"widget\" data-widget_type=\"wd_text_block.default\">\n\t\t\t\t<div class=\"elementor-widget-container\">\n\t\t\t\t\t\t\t<div class=\"wd-text-block reset-last-child text-left\">\n\t\t\t\n\t\t\t\t\t<div data-elementor-type=\"wp-post\" data-elementor-id=\"3484\" class=\"elementor elementor-3484 elementor-454\">\n\t\t\t\t<div class=\"elementor-element elementor-element-fcce286 e-grid e-con-full wd-section-stretch e-con e-parent\" data-id=\"fcce286\" data-element_type=\"container\" data-settings=\"{&quot;background_background&quot;:&quot;classic&quot;}\">\n\t\t\t\t<div class=\"elementor-element elementor-element-7e46a30 elementor-widget elementor-widget-wd_button\" data-id=\"7e46a30\" data-element_type=\"widget\" data-widget_type=\"wd_button.default\">\n\t\t\t\t<div class=\"elementor-widget-container\">\n\t\t\t\t\t\t\t<div class=\"wd-button-wrapper text-center\" >\n\t\t\t<a class=\"btn btn-style-3d btn-shape-rectangle btn-size-extra-large btn-full-width btn-icon-pos-right\"  href=\"\/wp-content\/uploads\/2025\/02\/angelis_kladeftika_catalogue.pdf\" target=\"_blank\">\n\t\t\t\t<span class=\"wd-btn-text\" data-elementor-setting-key=\"text\">\n\t\t\t\t\tCat\u00e1logo de Productos\t\t\t\t<\/span>\n\n\t\t\t\t\t\t\t\t\t<span class=\"wd-btn-icon\">\n\t\t\t\t\t\t<svg class=\"wd-icon e-font-icon-svg e-far-file-alt\" viewBox=\"0 0 384 512\" xmlns=\"http:\/\/www.w3.org\/2000\/svg\"><path d=\"M288 248v28c0 6.6-5.4 12-12 12H108c-6.6 0-12-5.4-12-12v-28c0-6.6 5.4-12 12-12h168c6.6 0 12 5.4 12 12zm-12 72H108c-6.6 0-12 5.4-12 12v28c0 6.6 5.4 12 12 12h168c6.6 0 12-5.4 12-12v-28c0-6.6-5.4-12-12-12zm108-188.1V464c0 26.5-21.5 48-48 48H48c-26.5 0-48-21.5-48-48V48C0 21.5 21.5 0 48 0h204.1C264.8 0 277 5.1 286 14.1L369.9 98c9 8.9 14.1 21.2 14.1 33.9zm-128-80V128h76.1L256 51.9zM336 464V176H232c-13.3 0-24-10.7-24-24V48H48v416h288z\"><\/path><\/svg>\t\t\t\t\t<\/span>\n\t\t\t\t\t\t\t<\/a>\n\t\t<\/div>\n\t\t\t\t\t\t<\/div>\n\t\t\t\t<\/div>\n\t\t\t\t<\/div>\n\t\t\t\t<\/div>\n\t\t\n\t\t\t\t\t<\/div>\n\t\t\t\t\t\t<\/div>\n\t\t\t\t<\/div>\n\t\t\t\t<\/div>\n\t\t<div class=\"elementor-element elementor-element-214d1bc e-grid e-con-full wd-section-stretch e-con e-parent\" data-id=\"214d1bc\" data-element_type=\"container\" data-settings=\"{&quot;background_background&quot;:&quot;classic&quot;}\">\n\t\t\t\t<div class=\"elementor-element elementor-element-9627170 elementor-widget elementor-widget-video\" data-id=\"9627170\" data-element_type=\"widget\" data-settings=\"{&quot;youtube_url&quot;:&quot;https:\\\/\\\/www.youtube.com\\\/watch?v=lLgU34Dzb2g&amp;list=PLSI1c-IboW1s8vRkL8RqLTIW8wTwLd1Su&amp;index=2&quot;,&quot;autoplay&quot;:&quot;yes&quot;,&quot;mute&quot;:&quot;yes&quot;,&quot;loop&quot;:&quot;yes&quot;,&quot;lazy_load&quot;:&quot;yes&quot;,&quot;video_type&quot;:&quot;youtube&quot;}\" data-widget_type=\"video.default\">\n\t\t\t\t<div class=\"elementor-widget-container\">\n\t\t\t\t\t\t\t<div class=\"elementor-wrapper elementor-open-inline\">\n\t\t\t<div class=\"elementor-video\"><\/div>\t\t<\/div>\n\t\t\t\t\t\t<\/div>\n\t\t\t\t<\/div>\n\t\t\t\t<div class=\"elementor-element elementor-element-5e5581d elementor-widget elementor-widget-video\" data-id=\"5e5581d\" data-element_type=\"widget\" data-settings=\"{&quot;youtube_url&quot;:&quot;https:\\\/\\\/www.youtube.com\\\/watch?v=CitYCzm6_f0&amp;ab_channel=FarmerEvolution&quot;,&quot;autoplay&quot;:&quot;yes&quot;,&quot;mute&quot;:&quot;yes&quot;,&quot;loop&quot;:&quot;yes&quot;,&quot;lazy_load&quot;:&quot;yes&quot;,&quot;video_type&quot;:&quot;youtube&quot;}\" data-widget_type=\"video.default\">\n\t\t\t\t<div class=\"elementor-widget-container\">\n\t\t\t\t\t\t\t<div class=\"elementor-wrapper elementor-open-inline\">\n\t\t\t<div class=\"elementor-video\"><\/div>\t\t<\/div>\n\t\t\t\t\t\t<\/div>\n\t\t\t\t<\/div>\n\t\t\t\t<\/div>\n\t\t\t\t<\/div>\n\t\t","protected":false},"excerpt":{"rendered":"<ul>\n<li><strong>Tensi\u00f3n: M\u00e1x. 21 V CC <\/strong><\/li>\n<li><strong>Potencia: 600 W<\/strong><\/li>\n<li><strong>Bater\u00eda: 5.0Ah (2 unidades)<\/strong><\/li>\n<li><strong>Cargador: 21V 2A<\/strong><\/li>\n<li><strong>Carga completa: 120 minutos<\/strong><\/li>\n<li><strong>Hoja: 18 cm<\/strong><\/li>\n<li><strong>Velocidad de corte: 12 m\/s<\/strong><\/li>\n<li><strong>Longitud: 180 \u2013 270 cm<\/strong><\/li>\n<li><strong>Peso: 2,9 kg (sierra + bater\u00eda)<\/strong><\/li>\n<\/ul>\n","protected":false},"featured_media":493,"template":"","meta":[],"product_brand":[],"product_cat":[128],"product_tag":[],"class_list":{"0":"post-2418","1":"product","2":"type-product","3":"status-publish","4":"has-post-thumbnail","6":"product_cat-productos-de-poda","8":"first","9":"outofstock","10":"taxable","11":"shipping-taxable","12":"product-type-simple"},"_links":{"self":[{"href":"https:\/\/angelis-e.gr\/es\/wp-json\/wp\/v2\/product\/2418","targetHints":{"allow":["GET"]}}],"collection":[{"href":"https:\/\/angelis-e.gr\/es\/wp-json\/wp\/v2\/product"}],"about":[{"href":"https:\/\/angelis-e.gr\/es\/wp-json\/wp\/v2\/types\/product"}],"version-history":[{"count":4,"href":"https:\/\/angelis-e.gr\/es\/wp-json\/wp\/v2\/product\/2418\/revisions"}],"predecessor-version":[{"id":3755,"href":"https:\/\/angelis-e.gr\/es\/wp-json\/wp\/v2\/product\/2418\/revisions\/3755"}],"wp:featuredmedia":[{"embeddable":true,"href":"https:\/\/angelis-e.gr\/es\/wp-json\/wp\/v2\/media\/493"}],"wp:attachment":[{"href":"https:\/\/angelis-e.gr\/es\/wp-json\/wp\/v2\/media?parent=2418"}],"wp:term":[{"taxonomy":"product_brand","embeddable":true,"href":"https:\/\/angelis-e.gr\/es\/wp-json\/wp\/v2\/product_brand?post=2418"},{"taxonomy":"product_cat","embeddable":true,"href":"https:\/\/angelis-e.gr\/es\/wp-json\/wp\/v2\/product_cat?post=2418"},{"taxonomy":"product_tag","embeddable":true,"href":"https:\/\/angelis-e.gr\/es\/wp-json\/wp\/v2\/product_tag?post=2418"}],"curies":[{"name":"wp","href":"https:\/\/api.w.org\/{rel}","templated":true}]}}