{"id":2889,"date":"2025-06-03T15:19:41","date_gmt":"2025-06-03T13:19:41","guid":{"rendered":"https:\/\/angelis-e.gr\/shop\/sin categor\u00eda\/pinon-de-motor-asteras-de-plastico-11-dientes\/"},"modified":"2025-06-03T15:19:41","modified_gmt":"2025-06-03T13:19:41","slug":"pinon-de-motor-asteras-de-plastico-11-dientes","status":"publish","type":"product","link":"https:\/\/angelis-e.gr\/es\/shop\/piezas-de-repuesto\/repuestos-asteras\/pinon-de-motor-asteras-de-plastico-11-dientes\/","title":{"rendered":"PI\u00d1\u00d3N DE MOTOR ASTERAS DE PL\u00c1STICO 11 DIENTES"},"content":{"rendered":"<p><strong>Productos relacionados<\/strong>: ASTERAS BATTERY POWER, ASTERAS 24V<\/p>\n","protected":false},"excerpt":{"rendered":"<p>Productos relacionados: ASTERAS BATTERY POWER, ASTERAS 24V<\/p>\n","protected":false},"featured_media":2890,"template":"","meta":[],"product_brand":[],"product_cat":[96],"product_tag":[],"class_list":{"0":"post-2889","1":"product","2":"type-product","3":"status-publish","4":"has-post-thumbnail","6":"product_cat-repuestos-asteras","8":"first","9":"instock","10":"taxable","11":"shipping-taxable","12":"product-type-simple"},"_links":{"self":[{"href":"https:\/\/angelis-e.gr\/es\/wp-json\/wp\/v2\/product\/2889","targetHints":{"allow":["GET"]}}],"collection":[{"href":"https:\/\/angelis-e.gr\/es\/wp-json\/wp\/v2\/product"}],"about":[{"href":"https:\/\/angelis-e.gr\/es\/wp-json\/wp\/v2\/types\/product"}],"version-history":[{"count":0,"href":"https:\/\/angelis-e.gr\/es\/wp-json\/wp\/v2\/product\/2889\/revisions"}],"wp:featuredmedia":[{"embeddable":true,"href":"https:\/\/angelis-e.gr\/es\/wp-json\/wp\/v2\/media\/2890"}],"wp:attachment":[{"href":"https:\/\/angelis-e.gr\/es\/wp-json\/wp\/v2\/media?parent=2889"}],"wp:term":[{"taxonomy":"product_brand","embeddable":true,"href":"https:\/\/angelis-e.gr\/es\/wp-json\/wp\/v2\/product_brand?post=2889"},{"taxonomy":"product_cat","embeddable":true,"href":"https:\/\/angelis-e.gr\/es\/wp-json\/wp\/v2\/product_cat?post=2889"},{"taxonomy":"product_tag","embeddable":true,"href":"https:\/\/angelis-e.gr\/es\/wp-json\/wp\/v2\/product_tag?post=2889"}],"curies":[{"name":"wp","href":"https:\/\/api.w.org\/{rel}","templated":true}]}}