{"id":3466,"date":"2025-07-10T14:35:45","date_gmt":"2025-07-10T12:35:45","guid":{"rendered":"https:\/\/angelis-e.gr\/shop\/sin categor\u00eda\/cargador-mantenedor-de-baterias-12v-15a\/"},"modified":"2025-07-10T14:35:45","modified_gmt":"2025-07-10T12:35:45","slug":"cargador-mantenedor-de-baterias-12v-15a","status":"publish","type":"product","link":"https:\/\/angelis-e.gr\/es\/shop\/maquinaria-auxiliar\/cargador-mantenedor-de-baterias-12v-15a\/","title":{"rendered":"Cargador &#8211; Mantenedor de Bater\u00edas 12V-15A"},"content":{"rendered":"<ul>\n<li>Carga de 9 etapas con etapa de mantenimiento para la protecci\u00f3n de la bater\u00eda.<\/li>\n<li>Pantalla t\u00e1ctil LCD digital con indicaciones de voltaje, intensidad y temperatura en tiempo real.<\/li>\n<li>Protecci\u00f3n contra polaridad inversa, sobretensi\u00f3n, sobrecalentamiento y cortocircuito.<\/li>\n<li>Funci\u00f3n de recuperaci\u00f3n de bater\u00eda.<\/li>\n<li>Funci\u00f3n de protecci\u00f3n infantil.<\/li>\n<li>Carga de bater\u00eda de 100Ah en 6 horas.<\/li>\n<\/ul>\n","protected":false},"excerpt":{"rendered":"<ul>\n<li>Carga de 9 etapas con etapa de mantenimiento para la protecci\u00f3n de la bater\u00eda.<\/li>\n<li>Pantalla t\u00e1ctil LCD digital con indicaciones de voltaje, intensidad y temperatura en tiempo real.<\/li>\n<li>Protecci\u00f3n contra polaridad inversa, sobretensi\u00f3n, sobrecalentamiento y cortocircuito.<\/li>\n<li>Funci\u00f3n de recuperaci\u00f3n de bater\u00eda.<\/li>\n<li>Funci\u00f3n de protecci\u00f3n infantil.<\/li>\n<li>Carga de bater\u00eda de 100Ah en 6 horas.<\/li>\n<\/ul>\n","protected":false},"featured_media":4326,"template":"","meta":[],"product_brand":[],"product_cat":[133],"product_tag":[],"class_list":{"0":"post-3466","1":"product","2":"type-product","3":"status-publish","4":"has-post-thumbnail","6":"product_cat-maquinaria-auxiliar","8":"first","9":"outofstock","10":"taxable","11":"shipping-taxable","12":"product-type-simple"},"_links":{"self":[{"href":"https:\/\/angelis-e.gr\/es\/wp-json\/wp\/v2\/product\/3466","targetHints":{"allow":["GET"]}}],"collection":[{"href":"https:\/\/angelis-e.gr\/es\/wp-json\/wp\/v2\/product"}],"about":[{"href":"https:\/\/angelis-e.gr\/es\/wp-json\/wp\/v2\/types\/product"}],"version-history":[{"count":0,"href":"https:\/\/angelis-e.gr\/es\/wp-json\/wp\/v2\/product\/3466\/revisions"}],"wp:featuredmedia":[{"embeddable":true,"href":"https:\/\/angelis-e.gr\/es\/wp-json\/wp\/v2\/media\/4326"}],"wp:attachment":[{"href":"https:\/\/angelis-e.gr\/es\/wp-json\/wp\/v2\/media?parent=3466"}],"wp:term":[{"taxonomy":"product_brand","embeddable":true,"href":"https:\/\/angelis-e.gr\/es\/wp-json\/wp\/v2\/product_brand?post=3466"},{"taxonomy":"product_cat","embeddable":true,"href":"https:\/\/angelis-e.gr\/es\/wp-json\/wp\/v2\/product_cat?post=3466"},{"taxonomy":"product_tag","embeddable":true,"href":"https:\/\/angelis-e.gr\/es\/wp-json\/wp\/v2\/product_tag?post=3466"}],"curies":[{"name":"wp","href":"https:\/\/api.w.org\/{rel}","templated":true}]}}